{"id":2552,"date":"2026-05-05T11:53:15","date_gmt":"2026-05-05T09:53:15","guid":{"rendered":"https:\/\/wroclaw.adwentysci.org\/?page_id=2552"},"modified":"2026-05-05T12:02:10","modified_gmt":"2026-05-05T10:02:10","slug":"zwierzeta-fantastyczne-w-biblii","status":"publish","type":"page","link":"https:\/\/wroclaw.adwentysci.org\/?page_id=2552","title":{"rendered":"Zwierz\u0119ta fantastyczne w Biblii"},"content":{"rendered":"\n<div class=\"wp-block-stackable-image alignright stk-block-image stk-block stk-f6ebc57\" data-block-id=\"f6ebc57\"><style>.stk-f6ebc57 .stk-img-wrapper{width:200px !important;}<\/style><figure><span class=\"stk-img-wrapper stk-image--shape-stretch\"><img loading=\"lazy\" decoding=\"async\" class=\"stk-img wp-image-2358\" src=\"https:\/\/wroclaw.adwentysci.org\/wp-content\/uploads\/2026\/01\/Wydarzenie-Ikona-Wystawa-Biblii.jpg\" width=\"600\" height=\"600\" srcset=\"https:\/\/wroclaw.adwentysci.org\/wp-content\/uploads\/2026\/01\/Wydarzenie-Ikona-Wystawa-Biblii.jpg 600w, https:\/\/wroclaw.adwentysci.org\/wp-content\/uploads\/2026\/01\/Wydarzenie-Ikona-Wystawa-Biblii-300x300.jpg 300w, https:\/\/wroclaw.adwentysci.org\/wp-content\/uploads\/2026\/01\/Wydarzenie-Ikona-Wystawa-Biblii-150x150.jpg 150w, https:\/\/wroclaw.adwentysci.org\/wp-content\/uploads\/2026\/01\/Wydarzenie-Ikona-Wystawa-Biblii-350x350.jpg 350w, https:\/\/wroclaw.adwentysci.org\/wp-content\/uploads\/2026\/01\/Wydarzenie-Ikona-Wystawa-Biblii-400x400.jpg 400w\" sizes=\"auto, (max-width: 600px) 100vw, 600px\" \/><\/span><\/figure><\/div>\n\n\n\n<div class=\"wp-block-stackable-text stk-block-text stk-block stk-87404b6\" data-block-id=\"87404b6\"><style>.stk-87404b6 {margin-bottom:10px !important;}<\/style><p class=\"stk-block-text__text has-text-align-justify\">W Niedziel\u0119 17 maja 2026 o godz 17.00 zapraszamy na wyk\u0142ad pt. <em>Zwierz\u0119ta fantastyczne w Biblii<\/em>, kt\u00f3ry wyg\u0142osi pracownik Uniwersytetu Wroc\u0142awskiego mgr \u0141ukasz Krzyszczuk.<\/p><\/div>\n\n\n\n<div class=\"wp-block-stackable-text stk-block-text stk-block stk-cdace65\" data-block-id=\"cdace65\"><p class=\"stk-block-text__text has-text-align-justify\">W 1663 roku wybitny znawca j\u0119zyk\u00f3w klasycznych i semickich, Samuel Bochart (1599-1667), wyda\u0142 w Londynie dzie\u0142o pt.\u00a0<em>Hierozoicon sive de animalibus sacrae Scripturae<\/em>. Dzie\u0142o francuskiego badacza zosta\u0142o opublikowane w dw\u00f3ch tomach. Pierwszy zosta\u0142 podzielony na cztery ksi\u0119gi i zawarto w nim informacje og\u00f3lne na temat zwierz\u0105t biblijnych oraz szczeg\u00f3\u0142owo powiedziano o czworonogach. Tom drugi sk\u0142ada si\u0119 z sze\u015bciu ksi\u0105g, kt\u00f3re traktuj\u0105\u00a0de avibus, serpentibus, insectis, aquaticis et fabulosis animalibus. Ostatnia ksi\u0119ga drugiego tomu monumentalnego dzie\u0142a Bocharta traktowa\u0142a zatem o zwierz\u0119tach\u00a0dubiis sive fabulosis\u00a0(w\u0105tpliwych lub bajecznych). Odnajdziemy tam m.in. rozdzia\u0142y na temat gryfa (gryps), mr\u00f3wkolwa (myrmecoleo), feniksa (phoenix), faun\u00f3w figowych (faunus ficarius), syren (siren) czy onocentaur\u00f3w (onocentaurus).<\/p><\/div>\n\n\n\n<div class=\"wp-block-stackable-text stk-block-text stk-block stk-1e62e73\" data-block-id=\"1e62e73\"><p class=\"stk-block-text__text has-text-align-justify\"> Dzisiejszego czytelnika Pisma \u015awi\u0119tego mo\u017ce dziwi\u0107, \u017ce w pracy naukowej na temat biblijnych zoonim\u00f3w uczony francuski po\u015bwi\u0119ci\u0142 zwierz\u0119tom fantastycznym ca\u0142\u0105 ksi\u0119g\u0119. Dlaczego tak si\u0119 sta\u0142o? Nie ulega w\u0105tpliwo\u015bci, \u017ce dwa najbardziej znane, cenione i rozpowszechnione w Europie staro\u017cytne przek\u0142ady Biblii \u2013 Septuaginta i Wulgata\u00a0\u2013 pe\u0142ne s\u0105 istot, kt\u00f3re wielu komentator\u00f3w staro\u017cytnych i \u015bredniowiecznych\u00a0uznawa\u0142o za\u00a0dubiis sive fabulosis.<\/p><\/div>\n\n\n\n<div class=\"wp-block-stackable-text stk-block-text stk-block stk-8d870f5\" data-block-id=\"8d870f5\"><p class=\"stk-block-text__text has-text-align-justify\"> Wsp\u00f3\u0142czesna egzegeza biblijna, pos\u0142uguj\u0105ca si\u0119 metod\u0105 historyczno-krytyczn\u0105 oraz korzystaj\u0105ca z dorobku filologii biblijnej, odmitologizowa\u0142a niemal wszystkie wyst\u0119puj\u0105ce w Biblii Hebrajskiej zoonimy. Jednym z pierwszych uczonych, kt\u00f3ry w wielu istotach nadprzyrodzonych pojawiaj\u0105cych si\u0119 w Septuagincie i Wulgacie widzia\u0142 zwyk\u0142e zwierz\u0119ta, by\u0142 w\u0142a\u015bnie Samuel Bochart. Rozpowszechnienie i encyklopedyczny charakter jego\u00a0Hierozoiconu\u00a0sprawi\u0142y natomiast, \u017ce wielu uczonych wsp\u00f3\u0142czesnych badaj\u0105cych realia biblijne, odwo\u0142uje si\u0119 do jego ustale\u0144 po dzi\u015b.<\/p><\/div>\n\n\n\n<div class=\"wp-block-stackable-text stk-block-text stk-block stk-43303cd\" data-block-id=\"43303cd\"><p class=\"stk-block-text__text has-text-align-justify\"> U staro\u017cytnych i \u015bredniowiecznych komentator\u00f3w, kt\u00f3rzy studiowali Septuagint\u0119 czy Wulgat\u0119, rodzi\u0142y si\u0119 pytania takiego rodzaju, jakie zada\u0142 Bochart w rozdziale dotycz\u0105cym gryfa: \u201eCzy jest rzecz\u0105 prawdopodobn\u0105, \u017ce B\u00f3g zabroni\u0142 swojemu ludowi je\u015b\u0107 zwierz\u0119cia, kt\u00f3re nie istnieje?\u201d Wyk\u0142ad postara si\u0119 pokaza\u0107 jak pr\u00f3bowano na pytanie zadane przez Bocharta przez wieki odpowiada\u0107.<\/p><\/div>\n\n\n\n<div class=\"wp-block-stackable-text stk-block-text stk-block stk-35ca12d\" data-block-id=\"35ca12d\"><p class=\"stk-block-text__text has-text-align-justify\">Po wyk\u0142adzie b\u0119dzie czas na pytania.<\/p><\/div>\n","protected":false},"excerpt":{"rendered":"<p>W Niedziel\u0119 17 maja 2026 o godz 17.00 zapraszamy na wyk\u0142ad pt. Zwierz\u0119ta fantastyczne w Biblii, kt\u00f3ry wyg\u0142osi pracownik Uniwersytetu Wroc\u0142awskiego mgr \u0141ukasz Krzyszczuk. W 1663 roku wybitny znawca j\u0119zyk\u00f3w klasycznych i semickich, Samuel Bochart (1599-1667), wyda\u0142 w Londynie dzie\u0142o pt.\u00a0Hierozoicon sive de animalibus sacrae Scripturae. Dzie\u0142o francuskiego badacza zosta\u0142o opublikowane w dw\u00f3ch tomach. Pierwszy &hellip; <a href=\"https:\/\/wroclaw.adwentysci.org\/?page_id=2552\">Continued<\/a><\/p>\n","protected":false},"author":1,"featured_media":0,"parent":0,"menu_order":0,"comment_status":"closed","ping_status":"closed","template":"","meta":{"inline_featured_image":false,"_uag_custom_page_level_css":"","footnotes":""},"class_list":["post-2552","page","type-page","status-publish","hentry"],"uagb_featured_image_src":{"full":false,"thumbnail":false,"medium":false,"medium_large":false,"large":false,"1536x1536":false,"2048x2048":false,"featured__hero--s":false,"featured__hero--m":false,"featured__hero--l":false,"featured__hero--xl":false,"horiz__16x9--s":false,"horiz__16x9--m":false,"horiz__16x9--l":false,"horiz__4x3--s":false,"horiz__4x3--m":false,"horiz__4x3--l":false,"vert__3x4--s":false,"vert__3x4--m":false,"flex-height--s":false,"flex-height--m":false,"flex-height--l":false,"flex-height--xl":false,"thumbnail--s":false,"thumbnail--m":false},"uagb_author_info":{"display_name":"Pawe\u0142 G\u0142uchowski","author_link":"https:\/\/wroclaw.adwentysci.org\/author\/pawel"},"uagb_comment_info":0,"uagb_excerpt":"W Niedziel\u0119 17 maja 2026 o godz 17.00 zapraszamy na wyk\u0142ad pt. Zwierz\u0119ta fantastyczne w Biblii, kt\u00f3ry wyg\u0142osi pracownik Uniwersytetu Wroc\u0142awskiego mgr \u0141ukasz Krzyszczuk. W 1663 roku wybitny znawca j\u0119zyk\u00f3w klasycznych i semickich, Samuel Bochart (1599-1667), wyda\u0142 w Londynie dzie\u0142o pt.\u00a0Hierozoicon sive de animalibus sacrae Scripturae. Dzie\u0142o francuskiego badacza zosta\u0142o opublikowane w dw\u00f3ch tomach. Pierwszy&hellip;","_links":{"self":[{"href":"https:\/\/wroclaw.adwentysci.org\/index.php?rest_route=\/wp\/v2\/pages\/2552","targetHints":{"allow":["GET"]}}],"collection":[{"href":"https:\/\/wroclaw.adwentysci.org\/index.php?rest_route=\/wp\/v2\/pages"}],"about":[{"href":"https:\/\/wroclaw.adwentysci.org\/index.php?rest_route=\/wp\/v2\/types\/page"}],"author":[{"embeddable":true,"href":"https:\/\/wroclaw.adwentysci.org\/index.php?rest_route=\/wp\/v2\/users\/1"}],"replies":[{"embeddable":true,"href":"https:\/\/wroclaw.adwentysci.org\/index.php?rest_route=%2Fwp%2Fv2%2Fcomments&post=2552"}],"version-history":[{"count":3,"href":"https:\/\/wroclaw.adwentysci.org\/index.php?rest_route=\/wp\/v2\/pages\/2552\/revisions"}],"predecessor-version":[{"id":2558,"href":"https:\/\/wroclaw.adwentysci.org\/index.php?rest_route=\/wp\/v2\/pages\/2552\/revisions\/2558"}],"wp:attachment":[{"href":"https:\/\/wroclaw.adwentysci.org\/index.php?rest_route=%2Fwp%2Fv2%2Fmedia&parent=2552"}],"curies":[{"name":"wp","href":"https:\/\/api.w.org\/{rel}","templated":true}]}}