{"id":2338,"date":"2026-01-24T19:01:21","date_gmt":"2026-01-24T18:01:21","guid":{"rendered":"https:\/\/wroclaw.adwentysci.org\/?page_id=2338"},"modified":"2026-05-05T11:14:24","modified_gmt":"2026-05-05T09:14:24","slug":"wystawa-biblii","status":"publish","type":"page","link":"https:\/\/wroclaw.adwentysci.org\/?page_id=2338","title":{"rendered":"Wystawa Biblii"},"content":{"rendered":"\n<div class=\"wp-block-stackable-image alignright stk-block-image stk-block stk-f6ebc57\" data-block-id=\"f6ebc57\"><style>.stk-f6ebc57 .stk-img-wrapper{width:200px !important;}<\/style><figure><span class=\"stk-img-wrapper stk-image--shape-stretch\"><img loading=\"lazy\" decoding=\"async\" class=\"stk-img wp-image-2546\" src=\"https:\/\/wroclaw.adwentysci.org\/wp-content\/uploads\/2026\/05\/Wydarzenie-Ikona-Noc-Muzeow-2026.jpg\" width=\"600\" height=\"600\" srcset=\"https:\/\/wroclaw.adwentysci.org\/wp-content\/uploads\/2026\/05\/Wydarzenie-Ikona-Noc-Muzeow-2026.jpg 600w, https:\/\/wroclaw.adwentysci.org\/wp-content\/uploads\/2026\/05\/Wydarzenie-Ikona-Noc-Muzeow-2026-300x300.jpg 300w, https:\/\/wroclaw.adwentysci.org\/wp-content\/uploads\/2026\/05\/Wydarzenie-Ikona-Noc-Muzeow-2026-150x150.jpg 150w, https:\/\/wroclaw.adwentysci.org\/wp-content\/uploads\/2026\/05\/Wydarzenie-Ikona-Noc-Muzeow-2026-350x350.jpg 350w, https:\/\/wroclaw.adwentysci.org\/wp-content\/uploads\/2026\/05\/Wydarzenie-Ikona-Noc-Muzeow-2026-400x400.jpg 400w\" sizes=\"auto, (max-width: 600px) 100vw, 600px\" \/><\/span><\/figure><\/div>\n\n\n\n<div class=\"wp-block-stackable-text stk-block-text stk-block stk-87404b6\" data-block-id=\"87404b6\"><style>.stk-87404b6 {margin-bottom:10px !important;}<\/style><p class=\"stk-block-text__text has-text-align-justify\">Kolejna ods\u0142ona znanej i lubianej <strong><em>Wystawy Biblii<\/em><\/strong> \u2013 o historii Biblii i jej pi\u015bmiennictwa \u2013 w naszym zborze, jak co roku, w Noc Muze\u00f3w 16 maja a tak\u017ce od 17 do 22 maja czeka na zwiedzaj\u0105cych.<\/p><\/div>\n\n\n\n<ul class=\"wp-block-list\">\n<li>oryginalne wydania i reprinty<\/li>\n\n\n\n<li>manuskrypty i druki<\/li>\n\n\n\n<li>eksponaty mo\u017cna wzi\u0105\u0107 do r\u0119ki<\/li>\n\n\n\n<li>zwiedzanie z przewodnikiem<\/li>\n\n\n\n<li>zwiedzanie indywidualne i grupowe<\/li>\n\n\n\n<li>wst\u0119p zawsze darmowy<\/li>\n<\/ul>\n\n\n\n<figure class=\"wp-block-image size-full\"><img loading=\"lazy\" decoding=\"async\" width=\"1000\" height=\"547\" src=\"https:\/\/wroclaw.adwentysci.org\/wp-content\/uploads\/2026\/01\/Logo-Wystawa-Biblii.jpg\" alt=\"\" class=\"wp-image-2341\" srcset=\"https:\/\/wroclaw.adwentysci.org\/wp-content\/uploads\/2026\/01\/Logo-Wystawa-Biblii.jpg 1000w, https:\/\/wroclaw.adwentysci.org\/wp-content\/uploads\/2026\/01\/Logo-Wystawa-Biblii-300x164.jpg 300w, https:\/\/wroclaw.adwentysci.org\/wp-content\/uploads\/2026\/01\/Logo-Wystawa-Biblii-768x420.jpg 768w, https:\/\/wroclaw.adwentysci.org\/wp-content\/uploads\/2026\/01\/Logo-Wystawa-Biblii-350x191.jpg 350w, https:\/\/wroclaw.adwentysci.org\/wp-content\/uploads\/2026\/01\/Logo-Wystawa-Biblii-700x383.jpg 700w\" sizes=\"auto, (max-width: 1000px) 100vw, 1000px\" \/><\/figure>\n\n\n\n<div class=\"wp-block-stackable-text stk-block-text stk-block stk-4e65a70\" data-block-id=\"4e65a70\"><style>.stk-4e65a70 {margin-bottom:10px !important;}<\/style><p class=\"stk-block-text__text has-text-align-justify\"><strong><em>Wystawa Biblii<\/em><\/strong> to \u015bcie\u017cka edukacyjna dla wszystkich pokole\u0144 o tym, jak powstawa\u0142a Biblia i jak rozwija\u0142o si\u0119 jej pi\u015bmiennictwo i druk: od zapisu na tabliczkach, papirusie i pergaminie, po druk maszynowy. To okazja poznania historii judaizmu i chrze\u015bcija\u0144stwa na przyk\u0142adzie prezentowanych Biblii i jej t\u0142umacze\u0144 na j\u0119zyki narodowe, w tym przede wszystkim j\u0119zyk polski.<\/p><\/div>\n\n\n\n<div class=\"wp-block-stackable-text stk-block-text stk-block stk-0dfad4f\" data-block-id=\"0dfad4f\"><style>.stk-0dfad4f {margin-bottom:10px !important;}<\/style><p class=\"stk-block-text__text has-text-align-justify\"><strong>Zwiedzanie wystawy odbywa si\u0119 z przewodnikiem:<\/strong><\/p><\/div>\n\n\n\n<div class=\"wp-block-stackable-text stk-block-text stk-block stk-9112308\" data-block-id=\"9112308\"><style>.stk-9112308 {margin-bottom:10px !important;}<\/style><p class=\"stk-block-text__text has-text-align-justify\">16 maja w Noc Muze\u00f3w zwiedzanie rozpoczyna si\u0119 co 15 do 30 minut i trwa oko\u0142o godzin\u0119. Otwarte w godzinach 16:00 \u2013 1:00.<\/p><\/div>\n\n\n\n<div class=\"wp-block-stackable-text stk-block-text stk-block stk-bdc81db\" data-block-id=\"bdc81db\"><style>.stk-bdc81db {margin-bottom:10px !important;}<\/style><p class=\"stk-block-text__text has-text-align-justify\">17\u201322 maja zwiedzanie indywidualnie lub w zorganizowanych grupach wymaga wcze\u015bniej wybrania przez go\u015bci dogodnej godziny. Ch\u0119tnych prosimy o telefoniczny kontakt: 511 446 923.<\/p><\/div>\n\n\n\n<figure class=\"wp-block-embed is-type-video is-provider-youtube wp-block-embed-youtube wp-embed-aspect-16-9 wp-has-aspect-ratio\"><div class=\"wp-block-embed__wrapper\">\n<iframe loading=\"lazy\" title=\"Wystawa Historii Biblii - Noc Muze\u00f3w 17.05.205\" width=\"500\" height=\"281\" src=\"https:\/\/www.youtube.com\/embed\/EpTfMRanwx8?feature=oembed\" frameborder=\"0\" allow=\"accelerometer; autoplay; clipboard-write; encrypted-media; gyroscope; picture-in-picture; web-share\" referrerpolicy=\"strict-origin-when-cross-origin\" allowfullscreen><\/iframe>\n<\/div><\/figure>\n\n\n\n<div class=\"wp-block-stackable-text stk-block-text stk-block stk-3e816d5\" data-block-id=\"3e816d5\"><style>.stk-3e816d5 {margin-bottom:10px !important;}<\/style><p class=\"stk-block-text__text has-text-align-justify\"><strong>Na pro\u015bb\u0119 szk\u00f3\u0142 i nauczycieli organizujemy te\u017c w tych dniach lekcje edukacyjne przeznaczone dla dzieci i dla m\u0142odzie\u017cy jako wsparcie dla przedmiot\u00f3w zwi\u0105zanych z histori\u0105, sztuk\u0105 i literatur\u0105.<\/strong><\/p><\/div>\n\n\n\n<div class=\"wp-block-stackable-columns stk-block-columns stk-block stk-b31af83\" data-block-id=\"b31af83\"><div class=\"stk-row stk-inner-blocks stk-block-content stk-content-align stk-b31af83-column\">\n<div class=\"wp-block-stackable-column stk-block-column stk-column stk-block stk-a9f78e6\" data-v=\"4\" data-block-id=\"a9f78e6\"><style>.stk-a9f78e6-container{margin-top:5px !important;margin-right:5px !important;margin-bottom:5px !important;margin-left:5px !important;}<\/style><div class=\"stk-column-wrapper stk-block-column__content stk-container stk-a9f78e6-container stk--no-background stk--no-padding\"><div class=\"stk-block-content stk-inner-blocks stk-a9f78e6-inner-blocks\">\n<div class=\"wp-block-stackable-image stk-block-image stk-block stk-3c191d4 stk--has-lightbox\" data-block-id=\"3c191d4\"><style>.stk-3c191d4 .stk-img-wrapper{aspect-ratio:16\/9 !important;height:auto !important;}@media screen and (max-width: 1023px){.stk-3c191d4 .stk-img-wrapper{height:auto !important;}}@media screen and (max-width: 767px){.stk-3c191d4 .stk-img-wrapper{height:auto !important;}}<\/style><figure><a class=\"stk-link\" href=\"https:\/\/wroclaw.adwentysci.org\/wp-content\/uploads\/2026\/01\/Wydarzenie-Foto-Noc-Muzeow-2025-01.jpg\"><span class=\"stk-img-wrapper stk-image--shape-stretch\"><img loading=\"lazy\" decoding=\"async\" class=\"stk-img wp-image-2293\" src=\"https:\/\/wroclaw.adwentysci.org\/wp-content\/uploads\/2026\/01\/Wydarzenie-Foto-Noc-Muzeow-2025-01.jpg\" width=\"1556\" height=\"700\" srcset=\"https:\/\/wroclaw.adwentysci.org\/wp-content\/uploads\/2026\/01\/Wydarzenie-Foto-Noc-Muzeow-2025-01.jpg 1556w, https:\/\/wroclaw.adwentysci.org\/wp-content\/uploads\/2026\/01\/Wydarzenie-Foto-Noc-Muzeow-2025-01-300x135.jpg 300w, https:\/\/wroclaw.adwentysci.org\/wp-content\/uploads\/2026\/01\/Wydarzenie-Foto-Noc-Muzeow-2025-01-1024x461.jpg 1024w, https:\/\/wroclaw.adwentysci.org\/wp-content\/uploads\/2026\/01\/Wydarzenie-Foto-Noc-Muzeow-2025-01-768x346.jpg 768w, https:\/\/wroclaw.adwentysci.org\/wp-content\/uploads\/2026\/01\/Wydarzenie-Foto-Noc-Muzeow-2025-01-1536x691.jpg 1536w, https:\/\/wroclaw.adwentysci.org\/wp-content\/uploads\/2026\/01\/Wydarzenie-Foto-Noc-Muzeow-2025-01-350x157.jpg 350w, https:\/\/wroclaw.adwentysci.org\/wp-content\/uploads\/2026\/01\/Wydarzenie-Foto-Noc-Muzeow-2025-01-700x315.jpg 700w, https:\/\/wroclaw.adwentysci.org\/wp-content\/uploads\/2026\/01\/Wydarzenie-Foto-Noc-Muzeow-2025-01-1100x495.jpg 1100w\" sizes=\"auto, (max-width: 1556px) 100vw, 1556px\" \/><\/span><\/a><\/figure><\/div>\n<\/div><\/div><\/div>\n\n\n\n<div class=\"wp-block-stackable-column stk-block-column stk-column stk-block stk-26226c4\" data-v=\"4\" data-block-id=\"26226c4\"><style>.stk-26226c4-container{margin-top:5px !important;margin-right:5px !important;margin-bottom:5px !important;margin-left:5px !important;}<\/style><div class=\"stk-column-wrapper stk-block-column__content stk-container stk-26226c4-container stk--no-background stk--no-padding\"><div class=\"stk-block-content stk-inner-blocks stk-26226c4-inner-blocks\">\n<div class=\"wp-block-stackable-image stk-block-image stk-block stk-321f954 stk--has-lightbox\" data-block-id=\"321f954\"><style>.stk-321f954 .stk-img-wrapper{aspect-ratio:16\/9 !important;height:auto !important;}@media screen and (max-width: 1023px){.stk-321f954 .stk-img-wrapper{height:auto !important;}}@media screen and (max-width: 767px){.stk-321f954 .stk-img-wrapper{height:auto !important;}}<\/style><figure><a class=\"stk-link\" href=\"https:\/\/wroclaw.adwentysci.org\/wp-content\/uploads\/2026\/01\/Wydarzenie-Foto-Noc-Muzeow-2025-02.jpg\"><span class=\"stk-img-wrapper stk-image--shape-stretch\"><img loading=\"lazy\" decoding=\"async\" class=\"stk-img wp-image-2294\" src=\"https:\/\/wroclaw.adwentysci.org\/wp-content\/uploads\/2026\/01\/Wydarzenie-Foto-Noc-Muzeow-2025-02.jpg\" width=\"1556\" height=\"700\" srcset=\"https:\/\/wroclaw.adwentysci.org\/wp-content\/uploads\/2026\/01\/Wydarzenie-Foto-Noc-Muzeow-2025-02.jpg 1556w, https:\/\/wroclaw.adwentysci.org\/wp-content\/uploads\/2026\/01\/Wydarzenie-Foto-Noc-Muzeow-2025-02-300x135.jpg 300w, https:\/\/wroclaw.adwentysci.org\/wp-content\/uploads\/2026\/01\/Wydarzenie-Foto-Noc-Muzeow-2025-02-1024x461.jpg 1024w, https:\/\/wroclaw.adwentysci.org\/wp-content\/uploads\/2026\/01\/Wydarzenie-Foto-Noc-Muzeow-2025-02-768x346.jpg 768w, https:\/\/wroclaw.adwentysci.org\/wp-content\/uploads\/2026\/01\/Wydarzenie-Foto-Noc-Muzeow-2025-02-1536x691.jpg 1536w, https:\/\/wroclaw.adwentysci.org\/wp-content\/uploads\/2026\/01\/Wydarzenie-Foto-Noc-Muzeow-2025-02-350x157.jpg 350w, https:\/\/wroclaw.adwentysci.org\/wp-content\/uploads\/2026\/01\/Wydarzenie-Foto-Noc-Muzeow-2025-02-700x315.jpg 700w, https:\/\/wroclaw.adwentysci.org\/wp-content\/uploads\/2026\/01\/Wydarzenie-Foto-Noc-Muzeow-2025-02-1100x495.jpg 1100w\" sizes=\"auto, (max-width: 1556px) 100vw, 1556px\" \/><\/span><\/a><\/figure><\/div>\n<\/div><\/div><\/div>\n\n\n\n<div class=\"wp-block-stackable-column stk-block-column stk-column stk-block stk-bbd6353\" data-v=\"4\" data-block-id=\"bbd6353\"><style>.stk-bbd6353-container{margin-top:5px !important;margin-right:5px !important;margin-bottom:5px !important;margin-left:5px !important;}<\/style><div class=\"stk-column-wrapper stk-block-column__content stk-container stk-bbd6353-container stk--no-background stk--no-padding\"><div class=\"stk-block-content stk-inner-blocks stk-bbd6353-inner-blocks\">\n<div class=\"wp-block-stackable-image stk-block-image stk-block stk-a94b111 stk--has-lightbox\" data-block-id=\"a94b111\"><style>.stk-a94b111 .stk-img-wrapper{aspect-ratio:16\/9 !important;height:auto !important;}@media screen and (max-width: 1023px){.stk-a94b111 .stk-img-wrapper{height:auto !important;}}@media screen and (max-width: 767px){.stk-a94b111 .stk-img-wrapper{height:auto !important;}}<\/style><figure><a class=\"stk-link\" href=\"https:\/\/wroclaw.adwentysci.org\/wp-content\/uploads\/2026\/01\/Wydarzenie-Foto-Noc-Muzeow-2025-03.jpg\"><span class=\"stk-img-wrapper stk-image--shape-stretch\"><img loading=\"lazy\" decoding=\"async\" class=\"stk-img wp-image-2295\" src=\"https:\/\/wroclaw.adwentysci.org\/wp-content\/uploads\/2026\/01\/Wydarzenie-Foto-Noc-Muzeow-2025-03.jpg\" width=\"1556\" height=\"700\" srcset=\"https:\/\/wroclaw.adwentysci.org\/wp-content\/uploads\/2026\/01\/Wydarzenie-Foto-Noc-Muzeow-2025-03.jpg 1556w, https:\/\/wroclaw.adwentysci.org\/wp-content\/uploads\/2026\/01\/Wydarzenie-Foto-Noc-Muzeow-2025-03-300x135.jpg 300w, https:\/\/wroclaw.adwentysci.org\/wp-content\/uploads\/2026\/01\/Wydarzenie-Foto-Noc-Muzeow-2025-03-1024x461.jpg 1024w, https:\/\/wroclaw.adwentysci.org\/wp-content\/uploads\/2026\/01\/Wydarzenie-Foto-Noc-Muzeow-2025-03-768x346.jpg 768w, https:\/\/wroclaw.adwentysci.org\/wp-content\/uploads\/2026\/01\/Wydarzenie-Foto-Noc-Muzeow-2025-03-1536x691.jpg 1536w, https:\/\/wroclaw.adwentysci.org\/wp-content\/uploads\/2026\/01\/Wydarzenie-Foto-Noc-Muzeow-2025-03-350x157.jpg 350w, https:\/\/wroclaw.adwentysci.org\/wp-content\/uploads\/2026\/01\/Wydarzenie-Foto-Noc-Muzeow-2025-03-700x315.jpg 700w, https:\/\/wroclaw.adwentysci.org\/wp-content\/uploads\/2026\/01\/Wydarzenie-Foto-Noc-Muzeow-2025-03-1100x495.jpg 1100w\" sizes=\"auto, (max-width: 1556px) 100vw, 1556px\" \/><\/span><\/a><\/figure><\/div>\n<\/div><\/div><\/div>\n<\/div><\/div>\n","protected":false},"excerpt":{"rendered":"<p>Kolejna ods\u0142ona znanej i lubianej Wystawy Biblii \u2013 o historii Biblii i jej pi\u015bmiennictwa \u2013 w naszym zborze, jak co roku, w Noc Muze\u00f3w 16 maja a tak\u017ce od 17 do 22 maja czeka na zwiedzaj\u0105cych. Wystawa Biblii to \u015bcie\u017cka edukacyjna dla wszystkich pokole\u0144 o tym, jak powstawa\u0142a Biblia i jak rozwija\u0142o si\u0119 jej pi\u015bmiennictwo &hellip; <a href=\"https:\/\/wroclaw.adwentysci.org\/?page_id=2338\">Continued<\/a><\/p>\n","protected":false},"author":1,"featured_media":0,"parent":0,"menu_order":0,"comment_status":"closed","ping_status":"closed","template":"","meta":{"inline_featured_image":false,"_uag_custom_page_level_css":"","footnotes":""},"class_list":["post-2338","page","type-page","status-publish","hentry"],"uagb_featured_image_src":{"full":false,"thumbnail":false,"medium":false,"medium_large":false,"large":false,"1536x1536":false,"2048x2048":false,"featured__hero--s":false,"featured__hero--m":false,"featured__hero--l":false,"featured__hero--xl":false,"horiz__16x9--s":false,"horiz__16x9--m":false,"horiz__16x9--l":false,"horiz__4x3--s":false,"horiz__4x3--m":false,"horiz__4x3--l":false,"vert__3x4--s":false,"vert__3x4--m":false,"flex-height--s":false,"flex-height--m":false,"flex-height--l":false,"flex-height--xl":false,"thumbnail--s":false,"thumbnail--m":false},"uagb_author_info":{"display_name":"Pawe\u0142 G\u0142uchowski","author_link":"https:\/\/wroclaw.adwentysci.org\/author\/pawel"},"uagb_comment_info":0,"uagb_excerpt":"Kolejna ods\u0142ona znanej i lubianej Wystawy Biblii \u2013 o historii Biblii i jej pi\u015bmiennictwa \u2013 w naszym zborze, jak co roku, w Noc Muze\u00f3w 16 maja a tak\u017ce od 17 do 22 maja czeka na zwiedzaj\u0105cych. Wystawa Biblii to \u015bcie\u017cka edukacyjna dla wszystkich pokole\u0144 o tym, jak powstawa\u0142a Biblia i jak rozwija\u0142o si\u0119 jej pi\u015bmiennictwo&hellip;","_links":{"self":[{"href":"https:\/\/wroclaw.adwentysci.org\/index.php?rest_route=\/wp\/v2\/pages\/2338","targetHints":{"allow":["GET"]}}],"collection":[{"href":"https:\/\/wroclaw.adwentysci.org\/index.php?rest_route=\/wp\/v2\/pages"}],"about":[{"href":"https:\/\/wroclaw.adwentysci.org\/index.php?rest_route=\/wp\/v2\/types\/page"}],"author":[{"embeddable":true,"href":"https:\/\/wroclaw.adwentysci.org\/index.php?rest_route=\/wp\/v2\/users\/1"}],"replies":[{"embeddable":true,"href":"https:\/\/wroclaw.adwentysci.org\/index.php?rest_route=%2Fwp%2Fv2%2Fcomments&post=2338"}],"version-history":[{"count":21,"href":"https:\/\/wroclaw.adwentysci.org\/index.php?rest_route=\/wp\/v2\/pages\/2338\/revisions"}],"predecessor-version":[{"id":2547,"href":"https:\/\/wroclaw.adwentysci.org\/index.php?rest_route=\/wp\/v2\/pages\/2338\/revisions\/2547"}],"wp:attachment":[{"href":"https:\/\/wroclaw.adwentysci.org\/index.php?rest_route=%2Fwp%2Fv2%2Fmedia&parent=2338"}],"curies":[{"name":"wp","href":"https:\/\/api.w.org\/{rel}","templated":true}]}}